{"id":103,"date":"2015-10-25T21:08:12","date_gmt":"2015-10-25T20:08:12","guid":{"rendered":"http:\/\/themes.loc\/workscout\/?page_id=2416"},"modified":"2023-03-06T14:17:48","modified_gmt":"2023-03-06T19:17:48","slug":"browse-categories","status":"publish","type":"page","link":"https:\/\/www.oasis-sante.com\/en\/browse-categories\/","title":{"rendered":"Cat\u00e9gories"},"content":{"rendered":"<div class=\"vc_row wpb_row vc_row-fluid\"><div class=\"wpb_column vc_column_container vc_col-sm-12\"><div class=\"vc_column-inner\"><div class=\"wpb_wrapper\">    <\/div> <!-- eof wpb_wrapper -->\r\n                    <\/div> <!-- eof vc_column-inner -->\r\n                <\/div> <!-- eof vc_column_container -->\r\n            <\/div> <!-- eof vc_row-fluid -->\r\n        <\/article>\r\n    <\/div> <!-- eof container --><div class=\"categories-group\">\r\n                <div class=\"container\">\r\n                    <div class=\"four columns\"><h4 class=\"parent-jobs-category\">Custom Title<\/h4><\/div><div class=\"four columns\">\r\n                        <ul> <li><a href=\"https:\/\/www.oasis-sante.com\/en\/job-category\/infirmieres\/\">Nurses<\/a><\/li> <li><a href=\"https:\/\/www.oasis-sante.com\/en\/job-category\/infirmieres-auxiliaires\/\">Auxiliaries<\/a><\/li><\/ul>\r\n                    <\/div><div class=\"four columns\">\r\n                        <ul> <li><a href=\"https:\/\/www.oasis-sante.com\/en\/job-category\/preposees-aux-beneficiaires\/\">PAB<\/a><\/li><\/ul>\r\n                    <\/div><div class=\"four columns\">\r\n                        <ul> <li><a href=\"https:\/\/www.oasis-sante.com\/en\/job-category\/aides-soignantes\/\">Nurses<\/a><\/li><\/ul>\r\n                    <\/div><\/div>\r\n            <\/div>\r\n    <div class=\"container\">\r\n        <article class=\"sixteen columns\">\r\n             <div class=\"vc_row wpb_row vc_row-fluid\">\r\n                <div class=\"wpb_column vc_column_container vc_col-sm-12\">\r\n                    <div class=\"vc_column-inner\">\r\n                        <div class=\"wpb_wrapper\"><\/div><\/div><\/div><\/div>","protected":false},"excerpt":{"rendered":"Custom Title Infirmier(e)s Infirmier(e)s auxiliaires Pr\u00e9pos\u00e9(e)s aux b\u00e9n\u00e9ficiaires Aides soignant(e)s","protected":false},"author":1,"featured_media":0,"parent":0,"menu_order":0,"comment_status":"closed","ping_status":"closed","template":"template-jobcategories.php","meta":[],"_links":{"self":[{"href":"https:\/\/www.oasis-sante.com\/en\/wp-json\/wp\/v2\/pages\/103"}],"collection":[{"href":"https:\/\/www.oasis-sante.com\/en\/wp-json\/wp\/v2\/pages"}],"about":[{"href":"https:\/\/www.oasis-sante.com\/en\/wp-json\/wp\/v2\/types\/page"}],"author":[{"embeddable":true,"href":"https:\/\/www.oasis-sante.com\/en\/wp-json\/wp\/v2\/users\/1"}],"replies":[{"embeddable":true,"href":"https:\/\/www.oasis-sante.com\/en\/wp-json\/wp\/v2\/comments?post=103"}],"version-history":[{"count":4,"href":"https:\/\/www.oasis-sante.com\/en\/wp-json\/wp\/v2\/pages\/103\/revisions"}],"predecessor-version":[{"id":383,"href":"https:\/\/www.oasis-sante.com\/en\/wp-json\/wp\/v2\/pages\/103\/revisions\/383"}],"wp:attachment":[{"href":"https:\/\/www.oasis-sante.com\/en\/wp-json\/wp\/v2\/media?parent=103"}],"curies":[{"name":"wp","href":"https:\/\/api.w.org\/{rel}","templated":true}]}}