{"id":15,"date":"2020-11-14T18:02:25","date_gmt":"2020-11-14T18:02:25","guid":{"rendered":"http:\/\/oasis-sante.com\/?page_id=15"},"modified":"2021-01-17T19:51:23","modified_gmt":"2021-01-18T00:51:23","slug":"contact","status":"publish","type":"page","link":"https:\/\/www.oasis-sante.com\/en\/contact\/","title":{"rendered":"Contact us"},"content":{"rendered":"<p><strong>Contact us today!<\/strong><\/p>\n\n\n\n<p><strong>OASIS-SANT\u00c9.FM Inc.<\/strong><br>50 Joseph Albert Morin Saint-Jean-Sur-Richelieu QC J2X 5S1<br><strong>Phone:<\/strong> +1 (418)999-4086 \/ +1 (418)999-4296<br><strong>Email: <\/strong>contact@oasis-sante.com <\/p>","protected":false},"excerpt":{"rendered":"<p>CONTACTEZ NOUS AUJOURD&rsquo;HUI! OASIS-SANT\u00c9.FM Inc.50 Joseph Albert Morin Saint-Jean-Sur-Richelieu QC J2X 5S1T\u00e9l\u00e9phone: +1 (418)999-4086 \/ +1 (418)999-4296Courriel: contact@oasis-sante.com<\/p>","protected":false},"author":1,"featured_media":0,"parent":0,"menu_order":0,"comment_status":"closed","ping_status":"closed","template":"","meta":[],"_links":{"self":[{"href":"https:\/\/www.oasis-sante.com\/en\/wp-json\/wp\/v2\/pages\/15"}],"collection":[{"href":"https:\/\/www.oasis-sante.com\/en\/wp-json\/wp\/v2\/pages"}],"about":[{"href":"https:\/\/www.oasis-sante.com\/en\/wp-json\/wp\/v2\/types\/page"}],"author":[{"embeddable":true,"href":"https:\/\/www.oasis-sante.com\/en\/wp-json\/wp\/v2\/users\/1"}],"replies":[{"embeddable":true,"href":"https:\/\/www.oasis-sante.com\/en\/wp-json\/wp\/v2\/comments?post=15"}],"version-history":[{"count":8,"href":"https:\/\/www.oasis-sante.com\/en\/wp-json\/wp\/v2\/pages\/15\/revisions"}],"predecessor-version":[{"id":347,"href":"https:\/\/www.oasis-sante.com\/en\/wp-json\/wp\/v2\/pages\/15\/revisions\/347"}],"wp:attachment":[{"href":"https:\/\/www.oasis-sante.com\/en\/wp-json\/wp\/v2\/media?parent=15"}],"curies":[{"name":"wp","href":"https:\/\/api.w.org\/{rel}","templated":true}]}}