{"id":249,"date":"2020-11-14T15:46:54","date_gmt":"2020-11-14T20:46:54","guid":{"rendered":"http:\/\/oasis-sante.com\/?page_id=249"},"modified":"2020-11-14T16:03:50","modified_gmt":"2020-11-14T21:03:50","slug":"qui-sommes-nous","status":"publish","type":"page","link":"https:\/\/www.oasis-sante.com\/en\/qui-sommes-nous\/","title":{"rendered":"Who are we?"},"content":{"rendered":"<p><strong>OASIS SANT\u00c9.FM<\/strong> is an agency in the middle of health focused on the comfort of our care providers in order to provide health establishments with highly qualified and efficient staff, meeting their needs.<\/p>\n\n\n\n<p>At Oasis Sant\u00e9.fm we rely on a conceptualized management system where humans are at the center of priorities which allows us to offer quality services to our customers in a peaceful working climate, or our providers feel free and productive.<\/p>\n\n\n\n<p>At Oasis Sant\u00e9. F.M We believe that excellence, productivity and well -being rhythm together and we are committed to our customers to offer them rest and peace of mind thanks to a dedicated professional team, listening to anticipate their needs.<\/p>\n\n\n\n<p>We are committed to you, to make your professional experience with us a haven of peace, or family conciliation, work and study, form a whole. This is thanks to flexible working hours, competitive wages and attractive work environments in several regions of the province of Quebec.<br>Si vous avez des besoins n\u2019h\u00e9sitez pas \u00e0 contacter notre \u00e9quipe passionn\u00e9e, qui saura s\u2019adapter \u00e0 votre r\u00e9alit\u00e9.<\/p>","protected":false},"excerpt":{"rendered":"<p>OASIS SANT\u00c9.FM est une agence de placement en milieu de la sant\u00e9 ax\u00e9e sur le confort de nos prestataires de soins afin d\u2019offrir aux \u00e9tablissements de sant\u00e9 un personnel hautement&#8230;<\/p>","protected":false},"author":1,"featured_media":0,"parent":0,"menu_order":0,"comment_status":"closed","ping_status":"closed","template":"","meta":[],"_links":{"self":[{"href":"https:\/\/www.oasis-sante.com\/en\/wp-json\/wp\/v2\/pages\/249"}],"collection":[{"href":"https:\/\/www.oasis-sante.com\/en\/wp-json\/wp\/v2\/pages"}],"about":[{"href":"https:\/\/www.oasis-sante.com\/en\/wp-json\/wp\/v2\/types\/page"}],"author":[{"embeddable":true,"href":"https:\/\/www.oasis-sante.com\/en\/wp-json\/wp\/v2\/users\/1"}],"replies":[{"embeddable":true,"href":"https:\/\/www.oasis-sante.com\/en\/wp-json\/wp\/v2\/comments?post=249"}],"version-history":[{"count":1,"href":"https:\/\/www.oasis-sante.com\/en\/wp-json\/wp\/v2\/pages\/249\/revisions"}],"predecessor-version":[{"id":251,"href":"https:\/\/www.oasis-sante.com\/en\/wp-json\/wp\/v2\/pages\/249\/revisions\/251"}],"wp:attachment":[{"href":"https:\/\/www.oasis-sante.com\/en\/wp-json\/wp\/v2\/media?parent=249"}],"curies":[{"name":"wp","href":"https:\/\/api.w.org\/{rel}","templated":true}]}}